{"id":154,"date":"2015-07-16T09:12:44","date_gmt":"2015-07-16T09:12:44","guid":{"rendered":"http:\/\/test.kriesi.at\/minimal-portfolio\/?page_id=154"},"modified":"2021-08-03T19:52:20","modified_gmt":"2021-08-03T19:52:20","slug":"sobre","status":"publish","type":"page","link":"https:\/\/eponinacarvalho.com.br\/site\/sobre\/","title":{"rendered":"Sobre"},"content":{"rendered":"<div id='av_section_1'  class='avia-section main_color avia-section-huge avia-no-border-styling  avia-bg-style-scroll  avia-builder-el-0  el_before_av_section  avia-builder-el-first   container_wrap fullsize' style='background-color: #88c540;  '  ><div class='container' ><main  role=\"main\" itemprop=\"mainContentOfPage\"  class='template-page content  av-content-full alpha units'><div class='post-entry post-entry-type-page post-entry-154'><div class='entry-content-wrapper clearfix'>\n<div  style='padding-bottom:20px; color:#ffffff;font-size:40px;' class='av-special-heading av-special-heading-h1 custom-color-heading blockquote modern-quote modern-centered  avia-builder-el-1  avia-builder-el-no-sibling  av-inherit-size '><h1 class='av-special-heading-tag '  itemprop=\"headline\"  >Especializa\u00e7\u00f5es<\/h1><div class='special-heading-border'><div class='special-heading-inner-border' style='border-color:#ffffff'><\/div><\/div><\/div>\n\n<\/div><\/div><\/main><!-- close content main element --><\/div><\/div><div id='av_section_2'  class='avia-section main_color avia-section-huge avia-no-border-styling  avia-bg-style-scroll  avia-builder-el-2  el_after_av_section  avia-builder-el-last   container_wrap fullsize' style='background-color: #ffffff;  '  ><div class='container' ><div class='template-page content  av-content-full alpha units'><div class='post-entry post-entry-type-page post-entry-154'><div class='entry-content-wrapper clearfix'>\n<div class=\"flex_column av_one_third  av-animated-generic bottom-to-top  flex_column_div av-zero-column-padding first  avia-builder-el-3  el_before_av_one_third  avia-builder-el-first  \" style='border-radius:0px; '><p><div  style='padding-bottom:10px; ' class='av-special-heading av-special-heading-h2  blockquote modern-quote  avia-builder-el-4  el_before_av_image  avia-builder-el-first  '><h2 class='av-special-heading-tag '  itemprop=\"headline\"  >Eponina Carvalho<\/h2><div class='special-heading-border'><div class='special-heading-inner-border' ><\/div><\/div><\/div><br \/>\n<div  class='avia-image-container  av-styling-    avia-builder-el-5  el_after_av_heading  avia-builder-el-last  avia-align-center '  itemprop=\"image\" itemscope=\"itemscope\" itemtype=\"https:\/\/schema.org\/ImageObject\"  ><div class='avia-image-container-inner'><div class='avia-image-overlay-wrap'><img decoding=\"async\" class='wp-image-602 avia-img-lazy-loading-not-602 avia_image' src=\"https:\/\/eponinacarvalho.com.br\/site\/wp-content\/uploads\/2021\/08\/face-630x684.jpg\" alt='' title='face' height=\"684\" width=\"630\"  itemprop=\"thumbnailUrl\"  \/><\/div><\/div><\/div><\/p><\/div><div class=\"flex_column av_one_third  av-animated-generic bottom-to-top  flex_column_div av-zero-column-padding   avia-builder-el-6  el_after_av_one_third  el_before_av_one_third  \" style='border-radius:0px; '><p><div  style='padding-bottom:10px; color:#8cc540;' class='av-special-heading av-special-heading-h3 custom-color-heading   avia-builder-el-7  el_before_av_hr  avia-builder-el-first  '><h3 class='av-special-heading-tag '  itemprop=\"headline\"  >Psicologia<\/h3><div class='special-heading-border'><div class='special-heading-inner-border' style='border-color:#8cc540'><\/div><\/div><\/div><br \/>\n<div  style='height:50px' class='hr hr-invisible   avia-builder-el-8  el_after_av_heading  el_before_av_textblock '><span class='hr-inner ' ><span class='hr-inner-style'><\/span><\/span><\/div><br \/>\n<section class=\"av_textblock_section \"  itemscope=\"itemscope\" itemtype=\"https:\/\/schema.org\/CreativeWork\" ><div class='avia_textblock  '   itemprop=\"text\" ><ul>\n<li>\n<h4>Bacharel em Psicologia pela PUC-SP<\/h4>\n<\/li>\n<li>\n<h4>Forma\u00e7\u00e3o em Psican\u00e1lise \u2013 Roberto Azevedo<\/h4>\n<\/li>\n<li>\n<h4>Forma\u00e7\u00e3o em Orienta\u00e7\u00e3o Vocacional \u2013 PUC-SP<\/h4>\n<\/li>\n<li>\n<h4>Forma\u00e7\u00e3o em Pisicodiagn\u00f3stico infantil e adulto<\/h4>\n<\/li>\n<li>\n<h4>P\u00f3s-gradua\u00e7\u00e3o em Terapia de Casal e Familia \u2013 PUC-SP<\/h4>\n<\/li>\n<\/ul>\n<\/div><\/section><\/p><\/div><div class=\"flex_column av_one_third  av-animated-generic bottom-to-top  flex_column_div av-zero-column-padding   avia-builder-el-10  el_after_av_one_third  avia-builder-el-last  \" style='border-radius:0px; '><p><div  style='padding-bottom:10px; color:#8cc540;' class='av-special-heading av-special-heading-h3 custom-color-heading   avia-builder-el-11  el_before_av_hr  avia-builder-el-first  '><h3 class='av-special-heading-tag '  itemprop=\"headline\"  >Pr\u00e1ticas Integrativas<\/h3><div class='special-heading-border'><div class='special-heading-inner-border' style='border-color:#8cc540'><\/div><\/div><\/div><br \/>\n<div  style='height:50px' class='hr hr-invisible   avia-builder-el-12  el_after_av_heading  el_before_av_textblock '><span class='hr-inner ' ><span class='hr-inner-style'><\/span><\/span><\/div><br \/>\n<section class=\"av_textblock_section \"  itemscope=\"itemscope\" itemtype=\"https:\/\/schema.org\/CreativeWork\" ><div class='avia_textblock  '   itemprop=\"text\" ><ul>\n<li>\n<h4>P\u00f3s-gradua\u00e7\u00e3o em Acupuntura no Ceata<\/h4>\n<\/li>\n<li>\n<h4>P\u00f3s-gradua\u00e7\u00e3o em Medicina Tradicional Chinesa, Acupuntura e Fitoacupuntura na Casa da Terra<\/h4>\n<\/li>\n<li>\n<h4>Curso Florais de Bach \u2013 Casa da Terra<\/h4>\n<\/li>\n<li>\n<h4>Curso de cristais radionicos \u2013 Ceata \u2013 Raul Breves<\/h4>\n<\/li>\n<li>\n<h4>Curso Radiestesia \u2013 Casa da Terra<\/h4>\n<\/li>\n<li>\n<h4>Curso de Eletroestimula\u00e7\u00e3o \u2013 Casa da Terra<\/h4>\n<\/li>\n<li>\n<h4>Curso de Laserterapia \u2013 Casa da Terra<\/h4>\n<\/li>\n<li>\n<h4>Curso de Sindrome Bi \u2013 Edgar Cantelli Gaspar<\/h4>\n<\/li>\n<li>\n<h4>Curso Tao da Mente \u2013 Edgar Cantelli Gaspar<\/h4>\n<\/li>\n<li>\n<h4>Curso de I Ching \u2013 Sociedade Taoista de S\u00e3o Paulo<\/h4>\n<\/li>\n<\/ul>\n<\/div><\/section><\/p><\/div>\n","protected":false},"excerpt":{"rendered":"","protected":false},"author":1,"featured_media":0,"parent":0,"menu_order":0,"comment_status":"open","ping_status":"closed","template":"","meta":{"footnotes":""},"_links":{"self":[{"href":"https:\/\/eponinacarvalho.com.br\/site\/wp-json\/wp\/v2\/pages\/154"}],"collection":[{"href":"https:\/\/eponinacarvalho.com.br\/site\/wp-json\/wp\/v2\/pages"}],"about":[{"href":"https:\/\/eponinacarvalho.com.br\/site\/wp-json\/wp\/v2\/types\/page"}],"author":[{"embeddable":true,"href":"https:\/\/eponinacarvalho.com.br\/site\/wp-json\/wp\/v2\/users\/1"}],"replies":[{"embeddable":true,"href":"https:\/\/eponinacarvalho.com.br\/site\/wp-json\/wp\/v2\/comments?post=154"}],"version-history":[{"count":11,"href":"https:\/\/eponinacarvalho.com.br\/site\/wp-json\/wp\/v2\/pages\/154\/revisions"}],"predecessor-version":[{"id":644,"href":"https:\/\/eponinacarvalho.com.br\/site\/wp-json\/wp\/v2\/pages\/154\/revisions\/644"}],"wp:attachment":[{"href":"https:\/\/eponinacarvalho.com.br\/site\/wp-json\/wp\/v2\/media?parent=154"}],"curies":[{"name":"wp","href":"https:\/\/api.w.org\/{rel}","templated":true}]}}